{"id":2311,"date":"2021-01-04T11:23:41","date_gmt":"2021-01-04T10:23:41","guid":{"rendered":"https:\/\/www.brohlbach-alpakas.de\/?page_id=2311"},"modified":"2024-08-05T09:59:01","modified_gmt":"2024-08-05T07:59:01","slug":"was-uns-wichtig-ist","status":"publish","type":"page","link":"https:\/\/www.brohlbach-alpakas.de\/index.php\/was-uns-wichtig-ist\/","title":{"rendered":"Was uns wichtig ist"},"content":{"rendered":"<div class=\"fusion-fullwidth fullwidth-box fusion-builder-row-1 fusion-flex-container nonhundred-percent-fullwidth non-hundred-percent-height-scrolling\" style=\"background-color: rgba(255,255,255,0);background-position: center center;background-repeat: no-repeat;border-width: 0px 0px 0px 0px;border-color:#eae9e9;border-style:solid;\" ><div class=\"fusion-builder-row fusion-row fusion-flex-align-items-flex-start\" style=\"max-width:1216.8px;margin-left: calc(-4% \/ 2 );margin-right: calc(-4% \/ 2 );\"><div class=\"fusion-layout-column fusion_builder_column fusion-builder-column-0 fusion_builder_column_1_1 1_1 fusion-flex-column\"><div class=\"fusion-column-wrapper fusion-flex-justify-content-flex-start fusion-content-layout-column\" style=\"background-position:left top;background-repeat:no-repeat;-webkit-background-size:cover;-moz-background-size:cover;-o-background-size:cover;background-size:cover;padding: 0px 0px 0px 0px;\"><div class=\"fusion-text fusion-text-1\" style=\"transform:translate3d(0,0,0);\"><h2 class=\"fusion-responsive-typography-calculated\" style=\"--fontsize: 28; line-height: 1.36;\" data-fontsize=\"28\" data-lineheight=\"38.08px\"><strong>Was uns wichtig ist<\/strong><\/h2>\n<h4 class=\"fusion-responsive-typography-calculated\" style=\"--fontsize: 18; line-height: 1.11; --minfontsize: 18;\" data-fontsize=\"18\" data-lineheight=\"19.98px\"><strong>Das Wohl unserer Tiere steht immer an erster Stelle!<\/strong><\/h4>\n<h4 class=\"fusion-responsive-typography-calculated\" style=\"--fontsize: 18; line-height: 1.11; --minfontsize: 18;\" data-fontsize=\"18\" data-lineheight=\"19.98px\"><strong><span style=\"color: #000000;\">Da wir \u201enur\u201c 6 Alpakas haben, k\u00f6nnen auch nur 6 Personen ein Alpaka f\u00fchren. Ein F\u00fchren durch mehrere Personen oder zwischenzeitlicher Wechsel irritiert die Tiere.<\/span><\/strong><\/h4>\n<h4 class=\"fusion-responsive-typography-calculated\" style=\"--fontsize: 18; line-height: 1.11; --minfontsize: 18;\" data-fontsize=\"18\" data-lineheight=\"19.98px\"><strong>Unsere Spazierg\u00e4nge sind gedacht f\u00fcr Menschen ab 10 Jahren, die selber ein Alpaka f\u00fchren k\u00f6nnen und m\u00f6chten. F\u00fcr j\u00fcngere Kinder eignen sie sich leider nicht, da die Kinder selber nicht mit den Tieren agieren k\u00f6nnen und oft andere Vorstellungen und Erwartungen haben ( &#8222;Kuschelfaktor&#8220;). Unsere Wege sind auch \u00fcberwiegend nicht kinderwagentauglich.<\/strong><\/h4>\n<h4 class=\"fusion-responsive-typography-calculated\" style=\"--fontsize: 18; line-height: 1.11; --minfontsize: 18;\" data-fontsize=\"18\" data-lineheight=\"19.98px\"><strong>Auch Begleitpersonen ohne Alpaka passen nicht zum ruhigen Charakter unserer Spazierg\u00e4nge, da man unserer Meinung nach nur mit &#8222;eigenem&#8220; Alpaka das besondere Wesen dieser Tiere erfahren kann.<\/strong><\/h4>\n<h4 class=\"fusion-responsive-typography-calculated\" style=\"--fontsize: 18; line-height: 1.11; --minfontsize: 18;\" data-fontsize=\"18\" data-lineheight=\"19.98px\"><strong><span style=\"color: #000000;\">Bei wirklich schlechtem Wetter oder zu gro\u00dfer Hitze haben auch unsere Alpakas keine Lust auf Spazierg\u00e4nge. Dann behalten wir uns vor, Termine zu verschieben.<\/span><\/strong><\/h4>\n<h4 class=\"fusion-responsive-typography-calculated\" style=\"--fontsize: 18; line-height: 1.11; --minfontsize: 18;\" data-fontsize=\"18\" data-lineheight=\"19.98px\"><strong><span style=\"color: #000000;\">Wir wohnen in der Eifel!!! Alle Wege, die wir gehen, f\u00fchren streckenweise bergauf und bergab und sind gr\u00f6\u00dftenteils unbefestigt. Daher ist der Weg auch absolut nicht f\u00fcr Kinderwagen geeignet. Auch nicht f\u00fcr j\u00fcngere Kinder oder Menschen, die &#8222;nicht gut zu Fu\u00df&#8220; sind <img decoding=\"async\" class=\"emoji\" role=\"img\" draggable=\"false\" src=\"https:\/\/s.w.org\/images\/core\/emoji\/14.0.0\/svg\/1f609.svg\" alt=\"\ud83d\ude09\" \/>.<\/span><\/strong><\/h4>\n<h4 class=\"fusion-responsive-typography-calculated\" style=\"--fontsize: 18; line-height: 1.11; --minfontsize: 18;\" data-fontsize=\"18\" data-lineheight=\"19.98px\"><strong><span style=\"color: #000000;\">Bitte achtet auf festes Schuhwerk und wetterangepasste Kleidung. Regenschirme k\u00f6nnen leider nicht benutzt werden und im Winter sind Handschuhe sinnvoll, da man mit Alpaka am F\u00fchrstrick schlecht die H\u00e4nde in der Jackentasche vergraben kann.<\/span><\/strong><\/h4>\n<h4 class=\"fusion-responsive-typography-calculated\" style=\"--fontsize: 18; line-height: 1.11; --minfontsize: 18;\" data-fontsize=\"18\" data-lineheight=\"19.98px\"><strong><span style=\"color: #000000;\">Hunde d\u00fcrfen an unseren Spazierg\u00e4ngen leider nicht teilnehmen. Nein, auch keine ganz kleinen, oder welche, die nicht bellen oder welche, die aufs Wort h\u00f6ren \ud83d\ude09<\/span><\/strong><\/h4>\n<h4 class=\"fusion-responsive-typography-calculated\" style=\"--fontsize: 18; line-height: 1.11; --minfontsize: 18;\" data-fontsize=\"18\" data-lineheight=\"19.98px\"><strong><span style=\"color: #000000;\">Leider, leider sind Alpakas keine Streicheltiere (finden wir auch sehr schade). Die meisten m\u00f6gen es nicht, angefasst zu werden. Aber oft ergeben sich im Laufe des Spaziergangs Situationen, in denen die Tiere das Anfassen dulden und so sind dann auch kurze Streicheleinheiten m\u00f6glich.<\/span><\/strong><\/h4>\n<h4><strong>Um die Tiere (und die Menschen \ud83d\ude09) vor der Hitze zu sch\u00fctzen, bieten wir von Mitte Juli bis Anfang September keine Spazierg\u00e4nge an.<span style=\"color: #000000;\"><br \/><\/span><\/strong><\/h4>\n<\/div><div style=\"text-align:center;\"><span class=\" fusion-imageframe imageframe-none imageframe-1 hover-type-none\"><img decoding=\"async\" width=\"600\" height=\"338\" title=\"2\" src=\"https:\/\/www.brohlbach-alpakas.de\/wp-content\/uploads\/2021\/01\/2-600x338.png\" class=\"img-responsive wp-image-2446\" srcset=\"https:\/\/www.brohlbach-alpakas.de\/wp-content\/uploads\/2021\/01\/2-200x113.png 200w, https:\/\/www.brohlbach-alpakas.de\/wp-content\/uploads\/2021\/01\/2-400x225.png 400w, https:\/\/www.brohlbach-alpakas.de\/wp-content\/uploads\/2021\/01\/2-600x338.png 600w, https:\/\/www.brohlbach-alpakas.de\/wp-content\/uploads\/2021\/01\/2-800x450.png 800w, https:\/\/www.brohlbach-alpakas.de\/wp-content\/uploads\/2021\/01\/2.png 919w\" sizes=\"(max-width: 1024px) 100vw, (max-width: 640px) 100vw, 600px\" \/><\/span><\/div><\/div><\/div><style type=\"text\/css\">.fusion-body .fusion-builder-column-0{width:100% !important;margin-top : 0px;margin-bottom : 20px;}.fusion-builder-column-0 > .fusion-column-wrapper {padding-top : 0px !important;padding-right : 0px !important;margin-right : 1.92%;padding-bottom : 0px !important;padding-left : 0px !important;margin-left : 1.92%;}@media only screen and (max-width:1024px) {.fusion-body .fusion-builder-column-0{width:100% !important;order : 0;}.fusion-builder-column-0 > .fusion-column-wrapper {margin-right : 1.92%;margin-left : 1.92%;}}@media only screen and (max-width:640px) {.fusion-body .fusion-builder-column-0{width:100% !important;order : 0;}.fusion-builder-column-0 > .fusion-column-wrapper {margin-right : 1.92%;margin-left : 1.92%;}}<\/style><\/div><style type=\"text\/css\">.fusion-body .fusion-flex-container.fusion-builder-row-1{ padding-top : 0px;margin-top : 0px;padding-right : 0px;padding-bottom : 0px;margin-bottom : 0px;padding-left : 0px;}<\/style><\/div>\n","protected":false},"excerpt":{"rendered":"","protected":false},"author":1,"featured_media":0,"parent":0,"menu_order":0,"comment_status":"closed","ping_status":"closed","template":"","meta":[],"_links":{"self":[{"href":"https:\/\/www.brohlbach-alpakas.de\/index.php\/wp-json\/wp\/v2\/pages\/2311"}],"collection":[{"href":"https:\/\/www.brohlbach-alpakas.de\/index.php\/wp-json\/wp\/v2\/pages"}],"about":[{"href":"https:\/\/www.brohlbach-alpakas.de\/index.php\/wp-json\/wp\/v2\/types\/page"}],"author":[{"embeddable":true,"href":"https:\/\/www.brohlbach-alpakas.de\/index.php\/wp-json\/wp\/v2\/users\/1"}],"replies":[{"embeddable":true,"href":"https:\/\/www.brohlbach-alpakas.de\/index.php\/wp-json\/wp\/v2\/comments?post=2311"}],"version-history":[{"count":15,"href":"https:\/\/www.brohlbach-alpakas.de\/index.php\/wp-json\/wp\/v2\/pages\/2311\/revisions"}],"predecessor-version":[{"id":2659,"href":"https:\/\/www.brohlbach-alpakas.de\/index.php\/wp-json\/wp\/v2\/pages\/2311\/revisions\/2659"}],"wp:attachment":[{"href":"https:\/\/www.brohlbach-alpakas.de\/index.php\/wp-json\/wp\/v2\/media?parent=2311"}],"curies":[{"name":"wp","href":"https:\/\/api.w.org\/{rel}","templated":true}]}}