{"id":2373,"date":"2021-01-18T11:50:21","date_gmt":"2021-01-18T10:50:21","guid":{"rendered":"https:\/\/www.brohlbach-alpakas.de\/?page_id=2373"},"modified":"2021-01-29T17:19:12","modified_gmt":"2021-01-29T16:19:12","slug":"ablauf","status":"publish","type":"page","link":"https:\/\/www.brohlbach-alpakas.de\/index.php\/ablauf\/","title":{"rendered":"Ablauf"},"content":{"rendered":"<p><div class=\"fusion-fullwidth fullwidth-box fusion-builder-row-1 fusion-flex-container nonhundred-percent-fullwidth non-hundred-percent-height-scrolling\" style=\"background-color: rgba(255,255,255,0);background-position: center center;background-repeat: no-repeat;border-width: 0px 0px 0px 0px;border-color:#eae9e9;border-style:solid;\" ><div class=\"fusion-builder-row fusion-row fusion-flex-align-items-flex-start\" style=\"max-width:1216.8px;margin-left: calc(-4% \/ 2 );margin-right: calc(-4% \/ 2 );\"><div class=\"fusion-layout-column fusion_builder_column fusion-builder-column-0 fusion_builder_column_1_1 1_1 fusion-flex-column\"><div class=\"fusion-column-wrapper fusion-flex-justify-content-flex-start fusion-content-layout-column\" style=\"background-position:left top;background-repeat:no-repeat;-webkit-background-size:cover;-moz-background-size:cover;-o-background-size:cover;background-size:cover;padding: 0px 0px 0px 0px;\"><div class=\"fusion-text fusion-text-1\" style=\"transform:translate3d(0,0,0);\"><h2><span style=\"color: #000000;\"><strong>Ablauf<\/strong><\/span><\/h2>\n<p><span style=\"color: #000000;\">Wenn ihr einen Alpaka-Spaziergang bei uns gebucht habt, erwarten wir euch zur vereinbarten Zeit an unserer Weide. <\/span><span style=\"color: #000000;\">Hier k\u00f6nnt ihr zuschauen, wie die Tiere gehalftert werden. <\/span><span style=\"color: #000000;\">Nach einer kurzen Einweisung bekommt jeder \u201esein\u201c Alpaka am F\u00fchrstrick an die Hand.<\/span><\/p>\n<p><span style=\"color: #000000;\">Und dann geht\u2019s los!<br \/>\n<\/span><span style=\"color: #000000;\">Auf teils h\u00fcgeligem Gel\u00e4nde und \u00fcberwiegend unbefestigten Wegen spazieren wir in gem\u00fctlichem Tempo durch die sch\u00f6ne Landschaft um Brachtendorf.<\/span><\/p>\n<p><span style=\"color: #000000;\">Ab und zu legen die Jungs eine kleine Pause ein, um am Wegesrand ein bisschen zu fressen. Da ist dann ausreichend Zeit, Fragen zu beantworten oder ein paar Fotos zu machen. <\/span><span style=\"color: #000000;\">Nach ca. 1 -1,5 Stunden sind wir wieder zur\u00fcck an der Weide und die Jungs werden in ihren Feierabend entlassen.<\/span><\/p>\n<p><span style=\"color: #000000;\">Wenn ihr m\u00f6chtet, k\u00f6nnt ihr euch Verpflegung mitbringen und anschlie\u00dfend auf unserer Wiese picknicken (Sitzgelegenheiten sind vorhanden). Hier habt ihr noch mal einen tollen Blick auf die Alpakas und die sch\u00f6ne Landschaft.<\/span><\/p>\n<\/div><\/div><\/div><style type=\"text\/css\">.fusion-body .fusion-builder-column-0{width:100% !important;margin-top : 0px;margin-bottom : 20px;}.fusion-builder-column-0 > .fusion-column-wrapper {padding-top : 0px !important;padding-right : 0px !important;margin-right : 1.92%;padding-bottom : 0px !important;padding-left : 0px !important;margin-left : 1.92%;}@media only screen and (max-width:1024px) {.fusion-body .fusion-builder-column-0{width:100% !important;order : 0;}.fusion-builder-column-0 > .fusion-column-wrapper {margin-right : 1.92%;margin-left : 1.92%;}}@media only screen and (max-width:640px) {.fusion-body .fusion-builder-column-0{width:100% !important;order : 0;}.fusion-builder-column-0 > .fusion-column-wrapper {margin-right : 1.92%;margin-left : 1.92%;}}<\/style><\/div><style type=\"text\/css\">.fusion-body .fusion-flex-container.fusion-builder-row-1{ padding-top : 0px;margin-top : 0px;padding-right : 0px;padding-bottom : 0px;margin-bottom : 0px;padding-left : 0px;}<\/style><\/div><div class=\"fusion-fullwidth fullwidth-box fusion-builder-row-2 fusion-flex-container nonhundred-percent-fullwidth non-hundred-percent-height-scrolling\" style=\"background-color: rgba(255,255,255,0);background-position: center center;background-repeat: no-repeat;border-width: 0px 0px 0px 0px;border-color:#eae9e9;border-style:solid;\" ><div class=\"fusion-builder-row fusion-row fusion-flex-align-items-flex-start\" style=\"max-width:1216.8px;margin-left: calc(-4% \/ 2 );margin-right: calc(-4% \/ 2 );\"><div class=\"fusion-layout-column fusion_builder_column fusion-builder-column-1 fusion_builder_column_1_1 1_1 fusion-flex-column\"><div class=\"fusion-column-wrapper fusion-flex-justify-content-flex-start fusion-content-layout-column\" style=\"background-position:left top;background-repeat:no-repeat;-webkit-background-size:cover;-moz-background-size:cover;-o-background-size:cover;background-size:cover;padding: 0px 0px 0px 0px;\"><div style=\"text-align:center;\"><span class=\" fusion-imageframe imageframe-none imageframe-1 hover-type-none\"><img decoding=\"async\" width=\"600\" height=\"356\" title=\"3\" src=\"https:\/\/www.brohlbach-alpakas.de\/wp-content\/uploads\/2021\/01\/3-600x356.png\" class=\"img-responsive wp-image-2447\" srcset=\"https:\/\/www.brohlbach-alpakas.de\/wp-content\/uploads\/2021\/01\/3-200x119.png 200w, https:\/\/www.brohlbach-alpakas.de\/wp-content\/uploads\/2021\/01\/3-400x237.png 400w, https:\/\/www.brohlbach-alpakas.de\/wp-content\/uploads\/2021\/01\/3-600x356.png 600w, https:\/\/www.brohlbach-alpakas.de\/wp-content\/uploads\/2021\/01\/3-800x475.png 800w, https:\/\/www.brohlbach-alpakas.de\/wp-content\/uploads\/2021\/01\/3.png 871w\" sizes=\"(max-width: 1024px) 100vw, (max-width: 640px) 100vw, 600px\" \/><\/span><\/div><\/div><\/div><style type=\"text\/css\">.fusion-body .fusion-builder-column-1{width:100% !important;margin-top : 0px;margin-bottom : 20px;}.fusion-builder-column-1 > .fusion-column-wrapper {padding-top : 0px !important;padding-right : 0px !important;margin-right : 1.92%;padding-bottom : 0px !important;padding-left : 0px !important;margin-left : 1.92%;}@media only screen and (max-width:1024px) {.fusion-body .fusion-builder-column-1{width:100% !important;order : 0;}.fusion-builder-column-1 > .fusion-column-wrapper {margin-right : 1.92%;margin-left : 1.92%;}}@media only screen and (max-width:640px) {.fusion-body .fusion-builder-column-1{width:100% !important;order : 0;}.fusion-builder-column-1 > .fusion-column-wrapper {margin-right : 1.92%;margin-left : 1.92%;}}<\/style><\/div><style type=\"text\/css\">.fusion-body .fusion-flex-container.fusion-builder-row-2{ padding-top : 0px;margin-top : 0px;padding-right : 0px;padding-bottom : 0px;margin-bottom : 0px;padding-left : 0px;}<\/style><\/div><\/p>\n","protected":false},"excerpt":{"rendered":"","protected":false},"author":1,"featured_media":0,"parent":0,"menu_order":0,"comment_status":"closed","ping_status":"closed","template":"","meta":[],"_links":{"self":[{"href":"https:\/\/www.brohlbach-alpakas.de\/index.php\/wp-json\/wp\/v2\/pages\/2373"}],"collection":[{"href":"https:\/\/www.brohlbach-alpakas.de\/index.php\/wp-json\/wp\/v2\/pages"}],"about":[{"href":"https:\/\/www.brohlbach-alpakas.de\/index.php\/wp-json\/wp\/v2\/types\/page"}],"author":[{"embeddable":true,"href":"https:\/\/www.brohlbach-alpakas.de\/index.php\/wp-json\/wp\/v2\/users\/1"}],"replies":[{"embeddable":true,"href":"https:\/\/www.brohlbach-alpakas.de\/index.php\/wp-json\/wp\/v2\/comments?post=2373"}],"version-history":[{"count":8,"href":"https:\/\/www.brohlbach-alpakas.de\/index.php\/wp-json\/wp\/v2\/pages\/2373\/revisions"}],"predecessor-version":[{"id":2510,"href":"https:\/\/www.brohlbach-alpakas.de\/index.php\/wp-json\/wp\/v2\/pages\/2373\/revisions\/2510"}],"wp:attachment":[{"href":"https:\/\/www.brohlbach-alpakas.de\/index.php\/wp-json\/wp\/v2\/media?parent=2373"}],"curies":[{"name":"wp","href":"https:\/\/api.w.org\/{rel}","templated":true}]}}