{"id":2574,"date":"2021-09-07T22:17:41","date_gmt":"2021-09-07T20:17:41","guid":{"rendered":"https:\/\/www.brohlbach-alpakas.de\/?page_id=2574"},"modified":"2024-08-05T10:01:37","modified_gmt":"2024-08-05T08:01:37","slug":"alpakaseife","status":"publish","type":"page","link":"https:\/\/www.brohlbach-alpakas.de\/index.php\/alpakaseife\/","title":{"rendered":"Alpakaseife"},"content":{"rendered":"<p><div class=\"fusion-fullwidth fullwidth-box fusion-builder-row-1 fusion-flex-container nonhundred-percent-fullwidth non-hundred-percent-height-scrolling\" style=\"background-color: rgba(255,255,255,0);background-position: center center;background-repeat: no-repeat;border-width: 0px 0px 0px 0px;border-color:#eae9e9;border-style:solid;\" ><div class=\"fusion-builder-row fusion-row fusion-flex-align-items-flex-start\" style=\"max-width:1216.8px;margin-left: calc(-4% \/ 2 );margin-right: calc(-4% \/ 2 );\"><div class=\"fusion-layout-column fusion_builder_column fusion-builder-column-0 fusion_builder_column_1_1 1_1 fusion-flex-column\"><div class=\"fusion-column-wrapper fusion-flex-justify-content-flex-start fusion-content-layout-column\" style=\"background-position:left top;background-repeat:no-repeat;-webkit-background-size:cover;-moz-background-size:cover;-o-background-size:cover;background-size:cover;padding: 0px 0px 0px 0px;\"><div style=\"text-align:center;\"><span class=\" fusion-imageframe imageframe-none imageframe-1 hover-type-none\"><img decoding=\"async\" width=\"1024\" height=\"576\" title=\"Seifenkiste\" src=\"https:\/\/www.brohlbach-alpakas.de\/wp-content\/uploads\/2021\/09\/Seifenkiste-1024x576.jpg\" class=\"img-responsive wp-image-2587\" srcset=\"https:\/\/www.brohlbach-alpakas.de\/wp-content\/uploads\/2021\/09\/Seifenkiste-200x113.jpg 200w, https:\/\/www.brohlbach-alpakas.de\/wp-content\/uploads\/2021\/09\/Seifenkiste-400x225.jpg 400w, https:\/\/www.brohlbach-alpakas.de\/wp-content\/uploads\/2021\/09\/Seifenkiste-600x338.jpg 600w, https:\/\/www.brohlbach-alpakas.de\/wp-content\/uploads\/2021\/09\/Seifenkiste-800x450.jpg 800w, https:\/\/www.brohlbach-alpakas.de\/wp-content\/uploads\/2021\/09\/Seifenkiste-1200x675.jpg 1200w\" sizes=\"(max-width: 1024px) 100vw, (max-width: 640px) 100vw, 1200px\" \/><\/span><\/div><div class=\"fusion-text fusion-text-1\" style=\"transform:translate3d(0,0,0);\"><h3 style=\"text-align: center;\"><strong>In unserer Seifenkiste findet ihr wunderbar duftende Alpaka-Keratin-Seife, Strickwaren aus der handgesponnenen Wolle unserer Tiere und Socken aus Schafwolle.<\/strong><\/h3>\n<\/div><\/div><\/div><style type=\"text\/css\">.fusion-body .fusion-builder-column-0{width:100% !important;margin-top : 0px;margin-bottom : 20px;}.fusion-builder-column-0 > .fusion-column-wrapper {padding-top : 0px !important;padding-right : 0px !important;margin-right : 1.92%;padding-bottom : 0px !important;padding-left : 0px !important;margin-left : 1.92%;}@media only screen and (max-width:1024px) {.fusion-body .fusion-builder-column-0{width:100% !important;order : 0;}.fusion-builder-column-0 > .fusion-column-wrapper {margin-right : 1.92%;margin-left : 1.92%;}}@media only screen and (max-width:640px) {.fusion-body .fusion-builder-column-0{width:100% !important;order : 0;}.fusion-builder-column-0 > .fusion-column-wrapper {margin-right : 1.92%;margin-left : 1.92%;}}<\/style><\/div><style type=\"text\/css\">.fusion-body .fusion-flex-container.fusion-builder-row-1{ padding-top : 0px;margin-top : 0px;padding-right : 0px;padding-bottom : 0px;margin-bottom : 0px;padding-left : 0px;}<\/style><\/div><div class=\"fusion-fullwidth fullwidth-box fusion-builder-row-2 fusion-flex-container nonhundred-percent-fullwidth non-hundred-percent-height-scrolling\" style=\"background-color: rgba(255,255,255,0);background-position: center center;background-repeat: no-repeat;border-width: 0px 0px 0px 0px;border-color:#eae9e9;border-style:solid;\" ><div class=\"fusion-builder-row fusion-row fusion-flex-align-items-flex-start\" style=\"max-width:1216.8px;margin-left: calc(-4% \/ 2 );margin-right: calc(-4% \/ 2 );\"><div class=\"fusion-layout-column fusion_builder_column fusion-builder-column-1 fusion_builder_column_1_2 1_2 fusion-flex-column\"><div class=\"fusion-column-wrapper fusion-flex-justify-content-flex-start fusion-content-layout-column\" style=\"background-position:left top;background-repeat:no-repeat;-webkit-background-size:cover;-moz-background-size:cover;-o-background-size:cover;background-size:cover;padding: 0px 0px 0px 0px;\"><div class=\"fusion-separator fusion-full-width-sep\" style=\"align-self: center;margin-left: auto;margin-right: auto;width:100%;\"><div class=\"fusion-separator-border sep-double sep-dashed\" style=\"border-color:#fffcfc;border-top-width:1px;border-bottom-width:1px;\"><\/div><\/div><div class=\"fusion-separator fusion-full-width-sep\" style=\"align-self: center;margin-left: auto;margin-right: auto;width:100%;\"><div class=\"fusion-separator-border sep-double sep-dashed\" style=\"border-color:#fffcfc;border-top-width:1px;border-bottom-width:1px;\"><\/div><\/div><div ><span class=\" fusion-imageframe imageframe-none imageframe-2 hover-type-none\"><img decoding=\"async\" width=\"1024\" height=\"576\" title=\"20210818-P1130318\" src=\"https:\/\/www.brohlbach-alpakas.de\/wp-content\/uploads\/2021\/09\/20210818-P1130318-1024x576.jpg\" class=\"img-responsive wp-image-2584\" srcset=\"https:\/\/www.brohlbach-alpakas.de\/wp-content\/uploads\/2021\/09\/20210818-P1130318-200x113.jpg 200w, https:\/\/www.brohlbach-alpakas.de\/wp-content\/uploads\/2021\/09\/20210818-P1130318-400x225.jpg 400w, https:\/\/www.brohlbach-alpakas.de\/wp-content\/uploads\/2021\/09\/20210818-P1130318-600x338.jpg 600w, https:\/\/www.brohlbach-alpakas.de\/wp-content\/uploads\/2021\/09\/20210818-P1130318-800x450.jpg 800w, https:\/\/www.brohlbach-alpakas.de\/wp-content\/uploads\/2021\/09\/20210818-P1130318-1200x675.jpg 1200w\" sizes=\"(max-width: 1024px) 100vw, (max-width: 640px) 100vw, 600px\" \/><\/span><\/div><div class=\"fusion-separator fusion-full-width-sep\" style=\"align-self: center;margin-left: auto;margin-right: auto;width:100%;\"><div class=\"fusion-separator-border sep-double sep-dashed\" style=\"border-color:#fffcfc;border-top-width:1px;border-bottom-width:1px;\"><\/div><\/div><div class=\"fusion-separator fusion-full-width-sep\" style=\"align-self: center;margin-left: auto;margin-right: auto;width:100%;\"><div class=\"fusion-separator-border sep-double sep-dashed\" style=\"border-color:#fffcfc;border-top-width:1px;border-bottom-width:1px;\"><\/div><\/div><div class=\"fusion-separator fusion-full-width-sep\" style=\"align-self: center;margin-left: auto;margin-right: auto;width:100%;\"><div class=\"fusion-separator-border sep-double sep-dashed\" style=\"border-color:#fffcfc;border-top-width:1px;border-bottom-width:1px;\"><\/div><\/div><div class=\"fusion-separator fusion-full-width-sep\" style=\"align-self: center;margin-left: auto;margin-right: auto;width:100%;\"><div class=\"fusion-separator-border sep-double sep-dashed\" style=\"border-color:#fffcfc;border-top-width:1px;border-bottom-width:1px;\"><\/div><\/div><div ><span class=\" fusion-imageframe imageframe-none imageframe-3 hover-type-none\"><img decoding=\"async\" width=\"1024\" height=\"576\" title=\"20210818-P1130325\" src=\"https:\/\/www.brohlbach-alpakas.de\/wp-content\/uploads\/2021\/09\/20210818-P1130325-1024x576.jpg\" class=\"img-responsive wp-image-2586\" srcset=\"https:\/\/www.brohlbach-alpakas.de\/wp-content\/uploads\/2021\/09\/20210818-P1130325-200x113.jpg 200w, https:\/\/www.brohlbach-alpakas.de\/wp-content\/uploads\/2021\/09\/20210818-P1130325-400x225.jpg 400w, https:\/\/www.brohlbach-alpakas.de\/wp-content\/uploads\/2021\/09\/20210818-P1130325-600x338.jpg 600w, https:\/\/www.brohlbach-alpakas.de\/wp-content\/uploads\/2021\/09\/20210818-P1130325-800x450.jpg 800w, https:\/\/www.brohlbach-alpakas.de\/wp-content\/uploads\/2021\/09\/20210818-P1130325-1200x675.jpg 1200w\" sizes=\"(max-width: 1024px) 100vw, (max-width: 640px) 100vw, 600px\" \/><\/span><\/div><div class=\"fusion-separator fusion-full-width-sep\" style=\"align-self: center;margin-left: auto;margin-right: auto;width:100%;\"><div class=\"fusion-separator-border sep-double sep-dashed\" style=\"border-color:#fffcfc;border-top-width:1px;border-bottom-width:1px;\"><\/div><\/div><div class=\"fusion-separator fusion-full-width-sep\" style=\"align-self: center;margin-left: auto;margin-right: auto;width:100%;\"><div class=\"fusion-separator-border sep-double sep-dashed\" style=\"border-color:#fffcfc;border-top-width:1px;border-bottom-width:1px;\"><\/div><\/div><div class=\"fusion-separator fusion-full-width-sep\" style=\"align-self: center;margin-left: auto;margin-right: auto;width:100%;\"><div class=\"fusion-separator-border sep-double sep-dashed\" style=\"border-color:#fffcfc;border-top-width:1px;border-bottom-width:1px;\"><\/div><\/div><div class=\"fusion-separator fusion-full-width-sep\" style=\"align-self: center;margin-left: auto;margin-right: auto;width:100%;\"><div class=\"fusion-separator-border sep-double sep-dashed\" style=\"border-color:#fffcfc;border-top-width:1px;border-bottom-width:1px;\"><\/div><\/div><div ><span class=\" fusion-imageframe imageframe-none imageframe-4 hover-type-none\"><img decoding=\"async\" width=\"1024\" height=\"576\" title=\"20210818-P1130310\" src=\"https:\/\/www.brohlbach-alpakas.de\/wp-content\/uploads\/2021\/09\/20210818-P1130310-1024x576.jpg\" class=\"img-responsive wp-image-2582\" srcset=\"https:\/\/www.brohlbach-alpakas.de\/wp-content\/uploads\/2021\/09\/20210818-P1130310-200x113.jpg 200w, https:\/\/www.brohlbach-alpakas.de\/wp-content\/uploads\/2021\/09\/20210818-P1130310-400x225.jpg 400w, https:\/\/www.brohlbach-alpakas.de\/wp-content\/uploads\/2021\/09\/20210818-P1130310-600x338.jpg 600w, https:\/\/www.brohlbach-alpakas.de\/wp-content\/uploads\/2021\/09\/20210818-P1130310-800x450.jpg 800w, https:\/\/www.brohlbach-alpakas.de\/wp-content\/uploads\/2021\/09\/20210818-P1130310-1200x675.jpg 1200w\" sizes=\"(max-width: 1024px) 100vw, (max-width: 640px) 100vw, 600px\" \/><\/span><\/div><\/div><\/div><style type=\"text\/css\">.fusion-body .fusion-builder-column-1{width:50% !important;margin-top : 0px;margin-bottom : 20px;}.fusion-builder-column-1 > .fusion-column-wrapper {padding-top : 0px !important;padding-right : 0px !important;margin-right : 3.84%;padding-bottom : 0px !important;padding-left : 0px !important;margin-left : 3.84%;}@media only screen and (max-width:1024px) {.fusion-body .fusion-builder-column-1{width:100% !important;order : 0;}.fusion-builder-column-1 > .fusion-column-wrapper {margin-right : 1.92%;margin-left : 1.92%;}}@media only screen and (max-width:640px) {.fusion-body .fusion-builder-column-1{width:100% !important;order : 0;}.fusion-builder-column-1 > .fusion-column-wrapper {margin-right : 1.92%;margin-left : 1.92%;}}<\/style><div class=\"fusion-layout-column fusion_builder_column fusion-builder-column-2 fusion_builder_column_1_2 1_2 fusion-flex-column\"><div class=\"fusion-column-wrapper fusion-flex-justify-content-flex-start fusion-content-layout-column\" style=\"background-position:left top;background-repeat:no-repeat;-webkit-background-size:cover;-moz-background-size:cover;-o-background-size:cover;background-size:cover;padding: 0px 0px 0px 0px;\"><div class=\"fusion-text fusion-text-2\" style=\"transform:translate3d(0,0,0);\"><h3 align=\"center\"><span style=\"color: #821e34;\"><strong>Unsere Alpaka-Seife\u2026\u2026.<\/strong><\/span><\/h3>\n<ul>\n<li>\n<h4 align=\"left\"><strong>wird f\u00fcr uns in einer kleinen Seifenmanufaktur im Vogtland handgesiedet<\/strong><\/h4>\n<h4 align=\"left\"><strong>( die runden, 70-Gramm-St\u00fccke enthalten das Keratin UNSERER Alpakas)<\/strong><\/h4>\n<\/li>\n<li>\n<h4 align=\"left\"><strong>enth\u00e4lt hochwertige und hochpflegende Pflanzenfette (Sheabutter und Oliven\u00f6l als Hauptbestandteil\u2026..Luxus pur)<\/strong><\/h4>\n<\/li>\n<li>\n<h4 align=\"left\"><strong>enth\u00e4lt keine tierischen Fette<\/strong><\/h4>\n<\/li>\n<li>\n<h4 align=\"left\"><strong>ist palm\u00f6lfrei, dem Regenwald zuliebe<\/strong><\/h4>\n<\/li>\n<li>\n<h4 align=\"left\"><strong>enth\u00e4lt kein Parabene, Mineral\u00f6le oder Konservierungsstoffe<\/strong><\/h4>\n<\/li>\n<li>\n<h4 align=\"left\"><strong>enth\u00e4lt als pflegenden Bestandteil das Keratin der Alpakafaser<\/strong><\/h4>\n<\/li>\n<\/ul>\n<h4 style=\"padding-left: 40px;\" align=\"left\"><strong>(Alpakavlies besteht zu \u00fcber 90% aus Keratin, einem au\u00dferordentlich widerstandsf\u00e4higen Faserprotein, das dem Haar Elastizit\u00e4t und Spannkraft verleiht. Dieses Keratin wird chemisch ausgel\u00f6st und der Seife zugesetzt. Hier sorgt es daf\u00fcr, dass sich die menschliche Haut, N\u00e4gel und Haare, die ebenfalls aus Keratin bestehen, regenerieren)<\/strong><\/h4>\n<ul>\n<li>\n<h4 align=\"left\"><strong>ist mit 9% \u00fcberfettet und pflegt die Haut ohne zus\u00e4tzliche Handcreme<\/strong><\/h4>\n<\/li>\n<li>\n<h4 align=\"left\"><strong>ist mindestens 18 Monate haltbar<\/strong><\/h4>\n<\/li>\n<li>\n<h4 align=\"left\"><strong>h\u00e4rtet im Laufe der Zeit aus und wird ergiebiger<\/strong><\/h4>\n<\/li>\n<li>\n<h4 align=\"left\"><strong>weist manchmal eine d\u00fcnne puderig wei\u00dfe Schicht auf. Diese so genannte Sodaasche ist ein G\u00fctezeichen einer handgesiedeten Seife und kein Qualit\u00e4tsfehler<\/strong><\/h4>\n<\/li>\n<li>\n<h4 align=\"left\"><strong>ist sehr feuchtigkeitsempfindlich\u2026\u2026. Bitte trocken lagern!<\/strong><\/h4>\n<\/li>\n<li>\n<h4 align=\"left\"><strong>ist zertifiziert und nach EU Standard gefertigt<\/strong><\/h4>\n<\/li>\n<li>\n<h4 align=\"left\"><strong>ist umweltfreundlich, in einem regional hergestellten Kraftkarton verpackt<\/strong><\/h4>\n<\/li>\n<\/ul>\n<\/div><\/div><\/div><style type=\"text\/css\">.fusion-body .fusion-builder-column-2{width:50% !important;margin-top : 0px;margin-bottom : 20px;}.fusion-builder-column-2 > .fusion-column-wrapper {padding-top : 0px !important;padding-right : 0px !important;margin-right : 3.84%;padding-bottom : 0px !important;padding-left : 0px !important;margin-left : 3.84%;}@media only screen and (max-width:1024px) {.fusion-body .fusion-builder-column-2{width:100% !important;order : 0;}.fusion-builder-column-2 > .fusion-column-wrapper {margin-right : 1.92%;margin-left : 1.92%;}}@media only screen and (max-width:640px) {.fusion-body .fusion-builder-column-2{width:100% !important;order : 0;}.fusion-builder-column-2 > .fusion-column-wrapper {margin-right : 1.92%;margin-left : 1.92%;}}<\/style><\/div><style type=\"text\/css\">.fusion-body .fusion-flex-container.fusion-builder-row-2{ padding-top : 0px;margin-top : 0px;padding-right : 0px;padding-bottom : 0px;margin-bottom : 0px;padding-left : 0px;}<\/style><\/div><div class=\"fusion-fullwidth fullwidth-box fusion-builder-row-3 fusion-flex-container nonhundred-percent-fullwidth non-hundred-percent-height-scrolling\" style=\"background-color: rgba(255,255,255,0);background-position: center center;background-repeat: no-repeat;border-width: 0px 0px 0px 0px;border-color:#eae9e9;border-style:solid;\" ><div class=\"fusion-builder-row fusion-row fusion-flex-align-items-flex-start\" style=\"max-width:1216.8px;margin-left: calc(-4% \/ 2 );margin-right: calc(-4% \/ 2 );\"><div class=\"fusion-layout-column fusion_builder_column fusion-builder-column-3 fusion_builder_column_1_1 1_1 fusion-flex-column\"><div class=\"fusion-column-wrapper fusion-flex-justify-content-flex-start fusion-content-layout-column\" style=\"background-position:left top;background-repeat:no-repeat;-webkit-background-size:cover;-moz-background-size:cover;-o-background-size:cover;background-size:cover;padding: 0px 0px 0px 0px;\"><div class=\"fusion-text fusion-text-3\" style=\"transform:translate3d(0,0,0);\"><h3 style=\"text-align: center;\"><strong>Bei Interesse meldet euch einfach unter <a href=\"mailto:info@brohlbach-alpakas.de\">info@brohlbach-alpakas.de<\/a><br \/>\n<\/strong><strong>Auf Wunsch versenden wir auch,<br \/>\naber erst mal selber schnuppern und aussuchen macht mehr Spa\u00df!<\/strong><\/h3>\n<\/div><\/div><\/div><style type=\"text\/css\">.fusion-body .fusion-builder-column-3{width:100% !important;margin-top : 0px;margin-bottom : 20px;}.fusion-builder-column-3 > .fusion-column-wrapper {padding-top : 0px !important;padding-right : 0px !important;margin-right : 1.92%;padding-bottom : 0px !important;padding-left : 0px !important;margin-left : 1.92%;}@media only screen and (max-width:1024px) {.fusion-body .fusion-builder-column-3{width:100% !important;order : 0;}.fusion-builder-column-3 > .fusion-column-wrapper {margin-right : 1.92%;margin-left : 1.92%;}}@media only screen and (max-width:640px) {.fusion-body .fusion-builder-column-3{width:100% !important;order : 0;}.fusion-builder-column-3 > .fusion-column-wrapper {margin-right : 1.92%;margin-left : 1.92%;}}<\/style><\/div><style type=\"text\/css\">.fusion-body .fusion-flex-container.fusion-builder-row-3{ padding-top : 0px;margin-top : 0px;padding-right : 0px;padding-bottom : 0px;margin-bottom : 0px;padding-left : 0px;}<\/style><\/div><\/p>\n","protected":false},"excerpt":{"rendered":"","protected":false},"author":1,"featured_media":0,"parent":0,"menu_order":0,"comment_status":"closed","ping_status":"closed","template":"","meta":[],"_links":{"self":[{"href":"https:\/\/www.brohlbach-alpakas.de\/index.php\/wp-json\/wp\/v2\/pages\/2574"}],"collection":[{"href":"https:\/\/www.brohlbach-alpakas.de\/index.php\/wp-json\/wp\/v2\/pages"}],"about":[{"href":"https:\/\/www.brohlbach-alpakas.de\/index.php\/wp-json\/wp\/v2\/types\/page"}],"author":[{"embeddable":true,"href":"https:\/\/www.brohlbach-alpakas.de\/index.php\/wp-json\/wp\/v2\/users\/1"}],"replies":[{"embeddable":true,"href":"https:\/\/www.brohlbach-alpakas.de\/index.php\/wp-json\/wp\/v2\/comments?post=2574"}],"version-history":[{"count":38,"href":"https:\/\/www.brohlbach-alpakas.de\/index.php\/wp-json\/wp\/v2\/pages\/2574\/revisions"}],"predecessor-version":[{"id":2660,"href":"https:\/\/www.brohlbach-alpakas.de\/index.php\/wp-json\/wp\/v2\/pages\/2574\/revisions\/2660"}],"wp:attachment":[{"href":"https:\/\/www.brohlbach-alpakas.de\/index.php\/wp-json\/wp\/v2\/media?parent=2574"}],"curies":[{"name":"wp","href":"https:\/\/api.w.org\/{rel}","templated":true}]}}